{"id":1081,"date":"2021-04-12T05:08:19","date_gmt":"2021-04-12T05:08:19","guid":{"rendered":"https:\/\/arbeitstrom.de\/start\/"},"modified":"2026-03-25T22:21:46","modified_gmt":"2026-03-25T22:21:46","slug":"start","status":"publish","type":"page","link":"https:\/\/arbeitstrom.de\/de\/","title":{"rendered":"Start"},"content":{"rendered":"<p>[et_pb_section fb_built=&#8220;1&#8243; _builder_version=&#8220;4.17.6&#8243; _module_preset=&#8220;default&#8220; background_color=&#8220;#f7f7f7&#8243; background_image=&#8220;https:\/\/arbeitstrom.de\/wp-content\/uploads\/\/ArbeitStrom-Flowlines-2b07.svg&#8220; background_size=&#8220;contain&#8220; custom_padding=&#8220;10px||18px|||&#8220; global_module=&#8220;186&#8243; saved_tabs=&#8220;all&#8220; global_colors_info=&#8220;{}&#8220;][et_pb_row column_structure=&#8220;1_2,1_2&#8243; _builder_version=&#8220;4.16&#8243; _module_preset=&#8220;default&#8220; width=&#8220;85.5%&#8220; global_colors_info=&#8220;{}&#8220;][et_pb_column type=&#8220;1_2&#8243; _builder_version=&#8220;4.16&#8243; _module_preset=&#8220;default&#8220; global_colors_info=&#8220;{}&#8220;][et_pb_cta title=&#8220;Das Gesch\u00e4ft sichtbar machen, Arbeit flie\u00dfen lassen&#8220; _builder_version=&#8220;4.17.6&#8243; _module_preset=&#8220;default&#8220; header_level=&#8220;h1&#8243; header_font=&#8220;|700|||||||&#8220; header_text_align=&#8220;left&#8220; header_text_color=&#8220;#000000&#8243; header_font_size=&#8220;39px&#8220; body_text_align=&#8220;left&#8220; body_text_color=&#8220;#000000&#8243; body_font_size=&#8220;16px&#8220; background_enable_color=&#8220;off&#8220; custom_margin=&#8220;||11px|||&#8220; custom_padding=&#8220;|1px|16px|||&#8220; global_colors_info=&#8220;{}&#8220;]<\/p>\n<p><strong>Professionelle Unternehmensberatung leicht gemacht.<\/strong><\/p>\n<p>[\/et_pb_cta][et_pb_cta _builder_version=&#8220;4.17.6&#8243; _module_preset=&#8220;default&#8220; header_level=&#8220;h3&#8243; header_font=&#8220;|700|||||||&#8220; header_text_align=&#8220;left&#8220; header_text_color=&#8220;#000000&#8243; header_font_size=&#8220;39px&#8220; body_font=&#8220;|700|||||||&#8220; body_text_align=&#8220;left&#8220; body_text_color=&#8220;#000000&#8243; body_font_size=&#8220;16px&#8220; background_enable_color=&#8220;off&#8220; text_orientation=&#8220;left&#8220; background_layout=&#8220;light&#8220; custom_margin=&#8220;||11px|||&#8220; custom_padding=&#8220;27px|2px|16px|79px||&#8220; global_colors_info=&#8220;{}&#8220;]<\/p>\n<h3>ArbeitSTROM hilft dir, dein Unternehmen mit einfachen, visuellen Methoden zu verbessern.<\/h3>\n<p>&nbsp;<\/p>\n<p>[\/et_pb_cta][et_pb_text _builder_version=&#8220;4.25.0&#8243; _module_preset=&#8220;default&#8220; header_4_font=&#8220;|800|||||||&#8220; header_4_text_color=&#8220;#F4A080&#8243; header_4_font_size=&#8220;24px&#8220; custom_margin=&#8220;||14px|||&#8220; animation_style=&#8220;zoom&#8220; animation_direction=&#8220;bottom&#8220; animation_duration=&#8220;1200ms&#8220; animation_delay=&#8220;50ms&#8220; animation_intensity_zoom=&#8220;60%&#8220; global_colors_info=&#8220;{}&#8220;]<\/p>\n<h4 style=\"text-align: right;\">ARBEIT STROM<\/h4>\n<p>[\/et_pb_text][et_pb_text _builder_version=&#8220;4.25.0&#8243; _module_preset=&#8220;default&#8220; header_text_color=&#8220;#EE4A09&#8243; header_4_font=&#8220;|800|||||||&#8220; header_4_text_color=&#8220;#707070&#8243; header_4_font_size=&#8220;24px&#8220; custom_margin=&#8220;||2px|||&#8220; animation_style=&#8220;zoom&#8220; animation_direction=&#8220;top&#8220; animation_duration=&#8220;600ms&#8220; animation_delay=&#8220;1000ms&#8220; animation_intensity_zoom=&#8220;57%&#8220; global_colors_info=&#8220;{}&#8220;]<\/p>\n<h4 style=\"text-align: right;\">&#8212;<\/h4>\n<p>[\/et_pb_text][et_pb_text _builder_version=&#8220;4.25.0&#8243; _module_preset=&#8220;default&#8220; header_text_color=&#8220;#EE4A09&#8243; header_4_font=&#8220;|800|||||||&#8220; header_4_text_color=&#8220;#707070&#8243; header_4_font_size=&#8220;24px&#8220; animation_style=&#8220;zoom&#8220; animation_direction=&#8220;top&#8220; animation_duration=&#8220;600ms&#8220; animation_delay=&#8220;2000ms&#8220; animation_intensity_zoom=&#8220;57%&#8220; global_colors_info=&#8220;{}&#8220;]<\/p>\n<h4 style=\"text-align: right;\">= work flow<\/h4>\n<p>[\/et_pb_text][\/et_pb_column][et_pb_column type=&#8220;1_2&#8243; _builder_version=&#8220;4.16&#8243; _module_preset=&#8220;default&#8220; global_colors_info=&#8220;{}&#8220;][et_pb_image src=&#8220;https:\/\/arbeitstrom.de\/wp-content\/uploads\/2021\/04\/Cover.png&#8220; alt=&#8220;Arbeitsplatz2 abdecken&#8220; title_text=&#8220;Arbeitsplatz2 abdecken&#8220; _builder_version=&#8220;4.25.0&#8243; _module_preset=&#8220;default&#8220; animation_style=&#8220;slide&#8220; animation_starting_opacity=&#8220;44%&#8220; global_colors_info=&#8220;{}&#8220; src__hover_enabled=&#8220;on|hover&#8220; src__hover=&#8220;https:\/\/arbeitstrom.de\/wp-content\/uploads\/2021\/04\/Progetto-senza-titolo-7-980&#215;877-1.png&#8220;][\/et_pb_image][\/et_pb_column][\/et_pb_row][\/et_pb_section][et_pb_section fb_built=&#8220;1&#8243; _builder_version=&#8220;4.25.0&#8243; _module_preset=&#8220;default&#8220; background_color=&#8220;#f7f7f7&#8243; background_image=&#8220;https:\/\/arbeitstrom.de\/wp-content\/uploads\/\/ArbeitStrom-Flowlines-2d07.svg&#8220; background_size=&#8220;contain&#8220; background_position=&#8220;top_center&#8220; background_vertical_offset=&#8220;12%&#8220; custom_padding=&#8220;13px||22px|||&#8220; global_colors_info=&#8220;{}&#8220;][et_pb_row _builder_version=&#8220;4.17.6&#8243; _module_preset=&#8220;default&#8220; custom_padding=&#8220;9px|||||&#8220; global_colors_info=&#8220;{}&#8220;][et_pb_column type=&#8220;4_4&#8243; _builder_version=&#8220;4.17.6&#8243; _module_preset=&#8220;default&#8220; global_colors_info=&#8220;{}&#8220;][et_pb_text _builder_version=&#8220;4.25.0&#8243; _module_preset=&#8220;default&#8220; custom_margin=&#8220;||82px|||&#8220; custom_padding=&#8220;|||66px||&#8220; global_colors_info=&#8220;{}&#8220;]<\/p>\n<ul>\n<li>\n<h3>Du wei\u00dft, dass dein Unternehmen besser laufen k\u00f6nnte, aber du wei\u00dft nicht, wo du anfangen sollst?<\/h3>\n<\/li>\n<li>\n<h3>Muss deine Botschaft besser auf deine Strategie abgestimmt werden?<\/h3>\n<\/li>\n<li>\n<h3>Denkst du \u00fcber eine digitale Transformation nach, wei\u00dft aber nicht, wo du anfangen sollst?<\/h3>\n<\/li>\n<li>\n<h3>F\u00e4llt es dir schwer zu erkennen, ob du wirklich Geld verdienst?<\/h3>\n<\/li>\n<li>\n<h3>F\u00e4llt es deinem Team schwer, zu kommunizieren und zusammenzuarbeiten, um Fortschritte zu erzielen?<\/h3>\n<\/li>\n<li>\n<h3>Braucht dein Internetauftritt eine Auffrischung?<\/h3>\n<\/li>\n<\/ul>\n<p>[\/et_pb_text][et_pb_text _builder_version=&#8220;4.25.0&#8243; _module_preset=&#8220;default&#8220; text_font_size=&#8220;18px&#8220; header_font=&#8220;|600|||||||&#8220; custom_padding=&#8220;|||56px||&#8220; global_colors_info=&#8220;{}&#8220;]<\/p>\n<h1>Wir sind in deinem Team<\/h1>\n<p>Wir h\u00f6ren zu. Wir arbeiten mit dir zusammen. Wir kommunizieren.  <\/p>\n<p>&nbsp;<\/p>\n<p>[\/et_pb_text][et_pb_text disabled_on=&#8220;on|on|on&#8220; _builder_version=&#8220;4.25.0&#8243; _module_preset=&#8220;default&#8220; text_font_size=&#8220;18px&#8220; header_font=&#8220;|600|||||||&#8220; custom_padding=&#8220;|||56px||&#8220; disabled=&#8220;on&#8220; global_colors_info=&#8220;{}&#8220;]<\/p>\n<p>Wir nutzen das <strong>Visual System of <span style=\"font-size: x-small;\"><sup>WorkTM<\/sup><\/span><\/strong>, um dein Unternehmen zu stabilisieren, seinen Betrieb aufrechtzuerhalten und die Ergebnisse zu steigern. Diese einfache, leicht zug\u00e4ngliche Ver\u00e4nderungsmethode hat sich in einer Vielzahl von Branchen, Unternehmensgr\u00f6\u00dfen und Regionen bew\u00e4hrt. Sie kann auch bei dir funktionieren.  <\/p>\n<p>[\/et_pb_text][et_pb_text _builder_version=&#8220;4.25.0&#8243; _module_preset=&#8220;default&#8220; text_font_size=&#8220;18px&#8220; header_font=&#8220;|600|||||||&#8220; custom_padding=&#8220;|||56px||&#8220; global_colors_info=&#8220;{}&#8220;]<\/p>\n<p>Wir verwenden klare, visuelle Methoden, um dein Unternehmen zu stabilisieren, seinen Betrieb aufrechtzuerhalten und die Ergebnisse zu skalieren. Diese einfache, leicht zug\u00e4ngliche Methode der Ver\u00e4nderung hat sich in einer Vielzahl von Branchen, Unternehmensgr\u00f6\u00dfen und Regionen bew\u00e4hrt. Sie kann auch f\u00fcr dich funktionieren.  <\/p>\n<p>Wir haben uns darauf spezialisiert, kleine und mittlere Unternehmen auf ihrem Weg in die digitale Transformation zu unterst\u00fctzen. Egal, ob es sich um ein CRM, eine Bestandsverfolgung, ein Finanzmanagement oder einen anderen Aspekt des Gesch\u00e4fts handelt, wir sorgen f\u00fcr maximale Klarheit und Einfachheit, w\u00e4hrend wir dem Team helfen, alle Details zu durchschauen.  <\/p>\n<p>[\/et_pb_text][et_pb_text _builder_version=&#8220;4.25.0&#8243; _module_preset=&#8220;default&#8220; text_font_size=&#8220;18px&#8220; header_font=&#8220;|600|||||||&#8220; custom_padding=&#8220;|||56px||&#8220; global_colors_info=&#8220;{}&#8220;]<\/p>\n<p>Wir <strong>erg\u00e4nzen<\/strong> diese Verbesserungen mit <strong>Webdesign-Unterst\u00fctzung<\/strong>, die deiner Vision entspricht &#8211; mit einem hochgradig iterativen und interaktiven Prozess. Wir k\u00f6nnen dies bis hin zu gedruckten <strong>Werbematerialien<\/strong> umsetzen. <\/p>\n<p>Dies alles geschieht in der <a href=\"https:\/\/Work-Flow.studio\" target=\"_blank\" rel=\"noopener\"><strong>Work-Flow.studio<\/strong><\/a>einer Umgebung f\u00fcr Zusammenarbeit, Klarheit, Experimentieren und Entdecken.<\/p>\n<p>[\/et_pb_text][\/et_pb_column][\/et_pb_row][et_pb_row _builder_version=&#8220;4.25.0&#8243; _module_preset=&#8220;default&#8220; width=&#8220;100%&#8220; max_width=&#8220;1800px&#8220; custom_padding=&#8220;||0px|||&#8220; global_colors_info=&#8220;{}&#8220;][et_pb_column type=&#8220;4_4&#8243; _builder_version=&#8220;4.25.0&#8243; _module_preset=&#8220;default&#8220; global_colors_info=&#8220;{}&#8220;][et_pb_text _builder_version=&#8220;4.25.0&#8243; _module_preset=&#8220;default&#8220; text_orientation=&#8220;center&#8220; global_colors_info=&#8220;{}&#8220;]<\/p>\n<h3>Lass uns \u00fcber deine Situation sprechen!<\/h3>\n<p>[\/et_pb_text][et_pb_button button_url=&#8220;https:\/\/calendly.com\/vsow-ms\/mitch-wide-open-30&#8243; url_new_window=&#8220;on&#8220; button_text=&#8220;Ein Treffen ansetzen&#8220; button_alignment=&#8220;center&#8220; _builder_version=&#8220;4.25.0&#8243; _module_preset=&#8220;default&#8220; custom_button=&#8220;on&#8220; button_text_color=&#8220;#FFFFFF&#8220; button_bg_color=&#8220;#F47C4F&#8220; button_border_width=&#8220;5px&#8220; button_border_color=&#8220;#F4A080&#8243; button_border_radius=&#8220;24px&#8220; button_letter_spacing=&#8220;1px&#8220; button_icon=&#8220;&#x3d;||divi||400&#8243; button_icon_color=&#8220;#000000&#8243; button_text_shadow_style=&#8220;preset1&#8243; box_shadow_style=&#8220;preset2&#8243; global_colors_info=&#8220;{}&#8220;][\/et_pb_button][et_pb_text _builder_version=&#8220;4.25.0&#8243; _module_preset=&#8220;default&#8220; text_orientation=&#8220;center&#8220; global_colors_info=&#8220;{}&#8220;]<\/p>\n<h3>&#8211; oder &#8211;<\/h3>\n<p>[\/et_pb_text][et_pb_code _builder_version=&#8220;4.25.0&#8243; _module_preset=&#8220;default&#8220; hover_enabled=&#8220;0&#8243; global_colors_info=&#8220;{}&#8220; sticky_enabled=&#8220;0&#8243; module_id=&#8220;contact&#8220;]<iframe aria-label=\"Contact Form\" frameborder=\"0\" style=\"height:800px;width:99%;border:none;\" src=\"https:\/\/forms.zohopublic.com\/vpg\/form\/ZohoLeadFormOne\/formperma\/xqXiivJsum2ejFLlf7off_hTcC93N8zFShPLV6tPDJ0\"><\/iframe>[\/et_pb_code][\/et_pb_column][\/et_pb_row][et_pb_row module_id=&#8220;options&#8220; _builder_version=&#8220;4.16&#8243; _module_preset=&#8220;default&#8220; custom_padding=&#8220;||4px|||&#8220; global_colors_info=&#8220;{}&#8220;][et_pb_column type=&#8220;4_4&#8243; _builder_version=&#8220;4.16&#8243; _module_preset=&#8220;default&#8220; global_colors_info=&#8220;{}&#8220;][et_pb_tabs active_tab_background_color=&#8220;#ee4a09&#8243; inactive_tab_background_color=&#8220;#f7f7f7&#8243; active_tab_text_color=&#8220;#ffffff&#8220; disabled_on=&#8220;on|on|on&#8220; _builder_version=&#8220;4.17.6&#8243; _module_preset=&#8220;default&#8220; tab_text_color=&#8220;#f4a080&#8243; body_font_size=&#8220;16px&#8220; tab_font_size=&#8220;20px&#8220; background_color=&#8220;#FFFFFF&#8220; custom_margin=&#8220;||46px|||&#8220; border_radii=&#8220;on|19px|19px|19px|19px&#8220; border_color_right=&#8220;rgba(0,0,0,0)&#8220; border_color_bottom=&#8220;rgba(0,0,0,0)&#8220; border_color_left=&#8220;rgba(0,0,0,0)&#8220; disabled=&#8220;on&#8220; global_colors_info=&#8220;{}&#8220;][et_pb_tab title=&#8220;Basis&#8220; _builder_version=&#8220;4.17.6&#8243; _module_preset=&#8220;default&#8220; global_colors_info=&#8220;{}&#8220;]<\/p>\n<p>Hier lernen wir uns kennen, verschaffen uns einen strategischen und strukturellen \u00dcberblick und diskutieren Bed\u00fcrfnisse und Ziele. Anhand dieser Diskussion kann ein vorl\u00e4ufiger Plan erstellt werden. <\/p>\n<p>Sie wird normalerweise als Vorstufe zur Umsetzung verwendet. Wenn du dir jedoch nicht sicher bist, ob du mit der Umsetzung fortfahren sollst, kannst du sie auch als eigenst\u00e4ndige Bewertung nutzen, um deine n\u00e4chsten Schritte festzulegen.   <\/p>\n<p>Wenn du dich f\u00fcr eine Umsetzung entscheidest, wird das Basis-Meeting deinem Projekt gutgeschrieben.<\/p>\n<p>[\/et_pb_tab][et_pb_tab title=&#8220;Umsetzung&#8220; _builder_version=&#8220;4.17.6&#8243; _module_preset=&#8220;default&#8220; global_colors_info=&#8220;{}&#8220;]<\/p>\n<p>Hier gehen wir in die Tiefe des Prozesses und werfen einen detaillierten Blick auf das Unternehmen, seine Strategie, seine Organisation und seine finanzielle Lage. Es werden erste Projekte zur Verbesserung erfasst. Das breitere Team wird einbezogen, um die Unternehmensprozesse, die Aufgaben der einzelnen Teammitglieder und Aspekte des Zeitmanagements zu untersuchen. Schlie\u00dflich werden Verbesserungsmethoden angewandt, um Hindernisse zu beseitigen und Engp\u00e4sse zu beseitigen.   <\/p>\n<p>[\/et_pb_tab][et_pb_tab title=&#8220;Erweiterung&#8220; _builder_version=&#8220;4.16&#8243; _module_preset=&#8220;default&#8220; global_colors_info=&#8220;{}&#8220;]<\/p>\n<p>Nachdem du das Visual System of WorkTM eingef\u00fchrt hast, m\u00f6chtest du vielleicht deine bisherige Arbeit \u00fcberpr\u00fcfen oder verbessern. Vielleicht m\u00f6chtest du deine Erfahrungen mit der Umsetzung auch auf ein neues Projekt oder Vorhaben anwenden.   <\/p>\n<p>[\/et_pb_tab][\/et_pb_tabs][et_pb_blurb title=&#8220;Brauchst du mehr Informationen?&#8220; url=&#8220;https:\/\/arbeitstrom.de\/landing\/&#8220; disabled_on=&#8220;on|on|on&#8220; _builder_version=&#8220;4.16&#8243; _module_preset=&#8220;default&#8220; disabled=&#8220;on&#8220; global_colors_info=&#8220;{}&#8220;]<\/p>\n<p>Sieh dir ein paar Beispiele an, wie wir mit dem <sup>VSOWTM<\/sup> mit dir zusammenarbeiten k\u00f6nnen.<\/p>\n<p>[\/et_pb_blurb][\/et_pb_column][\/et_pb_row][\/et_pb_section][et_pb_section fb_built=&#8220;1&#8243; disabled_on=&#8220;on|on|on&#8220; _builder_version=&#8220;4.17.6&#8243; _module_preset=&#8220;default&#8220; background_image=&#8220;https:\/\/arbeitstrom.de\/wp-content\/uploads\/\/ArbeitStrom-Flowlines-2d07.svg&#8220; background_size=&#8220;contain&#8220; custom_margin=&#8220;-8px|||||&#8220; custom_padding=&#8220;27px|||||&#8220; disabled=&#8220;on&#8220; global_colors_info=&#8220;{}&#8220;][et_pb_row _builder_version=&#8220;4.16&#8243; _module_preset=&#8220;default&#8220; global_colors_info=&#8220;{}&#8220;][et_pb_column type=&#8220;4_4&#8243; _builder_version=&#8220;4.16&#8243; _module_preset=&#8220;default&#8220; global_colors_info=&#8220;{}&#8220;][et_pb_text module_id=&#8220;pricing_and_options&#8220; _builder_version=&#8220;4.16&#8243; _module_preset=&#8220;default&#8220; global_colors_info=&#8220;{}&#8220;]<\/p>\n<h1><strong>Preisgestaltung und Optionen<\/strong><\/h1>\n<p>[\/et_pb_text][\/et_pb_column][\/et_pb_row][et_pb_row column_structure=&#8220;1_4,3_4&#8243; _builder_version=&#8220;4.16&#8243; _module_preset=&#8220;default&#8220; global_colors_info=&#8220;{}&#8220;][et_pb_column type=&#8220;1_4&#8243; _builder_version=&#8220;4.16&#8243; _module_preset=&#8220;default&#8220; global_colors_info=&#8220;{}&#8220;][et_pb_blurb title=&#8220;Preisgestaltung und Optionen&#8220; image=&#8220;https:\/\/arbeitstrom.de\/wp-content\/uploads\/2021\/04\/handshake-scaled.jpg&#8220; _builder_version=&#8220;4.16&#8243; _module_preset=&#8220;default&#8220; header_level=&#8220;h2&#8243; body_font_size=&#8220;16px&#8220; animation_style=&#8220;fade&#8220; global_colors_info=&#8220;{}&#8220; image__hover_enabled=&#8220;on|hover&#8220; image__hover=&#8220;https:\/\/arbeitstrom.de\/wp-content\/uploads\/2021\/04\/handshake-scaled.jpg&#8220;]<\/p>\n<p>Wir werden gemeinsam mit dir an einer L\u00f6sung arbeiten. Wir wollen, dass sich dein Unternehmen verbessert, und wir sind zuversichtlich, dass wir einen Weg finden, um dir dabei zu helfen. <\/p>\n<p>Lass uns loslegen.<\/p>\n<p>[\/et_pb_blurb][\/et_pb_column][et_pb_column type=&#8220;3_4&#8243; _builder_version=&#8220;4.16&#8243; _module_preset=&#8220;default&#8220; global_colors_info=&#8220;{}&#8220;][et_pb_pricing_tables featured_table_background_color=&#8220;#f4a080&#8243; featured_table_header_background_color=&#8220;#707070&#8243; featured_table_header_text_color=&#8220;#ffffff&#8220; header_background_color=&#8220;#707070&#8243; featured_table_bullet_color=&#8220;#ee4a09&#8243; bullet_color=&#8220;#f47c4f&#8220; featured_table_price_background_color=&#8220;#f7f7f7&#8243; featured_table_price_color=&#8220;#ee4a09&#8243; price_background_color=&#8220;#ffffff&#8220; _builder_version=&#8220;4.17.6&#8243; _module_preset=&#8220;default&#8220; price_text_color=&#8220;#f4a080&#8243; header_text_color=&#8220;#f7f7f7&#8243; price_font_size=&#8220;40px&#8220; filter_opacity=&#8220;80%&#8220; global_colors_info=&#8220;{}&#8220;][et_pb_pricing_table title=&#8220;Basis&#8220; subtitle=&#8220;Anfangen&#8220; currency=&#8220;\u20ac&#8220; sum=&#8220;250&#8243; button_url=&#8220;https:\/\/calendly.com\/vsow-ms\/na_vsow_basis&#8220; button_text=&#8220;Einrichten&#8220; _builder_version=&#8220;4.17.6&#8243; _module_preset=&#8220;default&#8220; custom_button=&#8220;on&#8220; button_text_color=&#8220;#ffffff&#8220; button_bg_color=&#8220;#ee4a09&#8243; button_border_radius=&#8220;15px&#8220; global_colors_info=&#8220;{}&#8220; sticky_transition=&#8220;on&#8220;]<\/p>\n<p>90-Minuten-Sitzung<\/p>\n<p>Zoom, Teams, Google Meet oder In-Person<\/p>\n<p>\u00dcberpr\u00fcfung der Vorbereitungsarbeit<\/p>\n<p>Strategie und Ziele besprechen<\/p>\n<p>Vorl\u00e4ufige Planung<\/p>\n<p>[\/et_pb_pricing_table][et_pb_pricing_table title=&#8220;Umsetzung&#8220; subtitle=&#8220;Eintauchen&#8220; currency=&#8220;\u20ac&#8220; per=&#8220;W\u00f6chentlich&#8220; sum=&#8220;Variiert&#8220; button_url=&#8220;https:\/\/calendly.com\/vsow-ms\/na-vsow-basis-clone&#8220; button_text=&#8220;Los geht&apos;s&#8220; _builder_version=&#8220;4.17.6&#8243; _module_preset=&#8220;default&#8220; custom_button=&#8220;on&#8220; button_text_color=&#8220;#ffffff&#8220; button_bg_color=&#8220;#ee4a09&#8243; button_border_radius=&#8220;15px&#8220; box_shadow_style=&#8220;preset1&#8243; box_shadow_color=&#8220;#f4a080&#8243; global_colors_info=&#8220;{}&#8220; sticky_transition=&#8220;on&#8220;]<\/p>\n<p>Enth\u00e4lt Basis Diskussion<\/p>\n<p>Management Baseline erstellen<\/p>\n<p>Arbeitsteam einbinden<\/p>\n<p>Einzelne Personen nach Bedarf treffen<\/p>\n<p>Visualisiere das Gesch\u00e4ft<\/p>\n<p>Engp\u00e4sse im Gesch\u00e4ft angehen<\/p>\n<p>[\/et_pb_pricing_table][et_pb_pricing_table title=&#8220;Erweiterung&#8220; subtitle=&#8220;Auf Implementierung aufbauen&#8220; currency=&#8220;\u20ac&#8220; per=&#8220;W\u00f6chentlich&#8220; sum=&#8220;1200&#8243; button_url=&#8220;https:\/\/calendly.com\/vsow-ms\/na-vsow-extension&#8220; button_text=&#8220;Einrichten&#8220; _builder_version=&#8220;4.17.6&#8243; _module_preset=&#8220;default&#8220; custom_button=&#8220;on&#8220; button_text_color=&#8220;#ffffff&#8220; button_bg_color=&#8220;#ee4a09&#8243; button_border_radius=&#8220;15px&#8220; global_colors_info=&#8220;{}&#8220; sticky_transition=&#8220;on&#8220;]<\/p>\n<p>\u00dcberpr\u00fcfung der Umsetzung<\/p>\n<p>\u00dcberpr\u00fcfung des aktuellen Status<\/p>\n<p>Team wieder einbinden, kalibrieren<\/p>\n<p>Business Snapshot und Plan bereitstellen<\/p>\n<p>Plan zur Verbesserung des Durchsatzes ausf\u00fchren<\/p>\n<p>Projekte im Anzeiger erstellen und verfolgen<\/p>\n<p>[\/et_pb_pricing_table][\/et_pb_pricing_tables][\/et_pb_column][\/et_pb_row][et_pb_row _builder_version=&#8220;4.16&#8243; _module_preset=&#8220;default&#8220; global_colors_info=&#8220;{}&#8220;][et_pb_column type=&#8220;4_4&#8243; _builder_version=&#8220;4.16&#8243; _module_preset=&#8220;default&#8220; global_colors_info=&#8220;{}&#8220;][et_pb_text _builder_version=&#8220;4.16&#8243; _module_preset=&#8220;default&#8220; text_text_color=&#8220;#000000&#8243; text_font_size=&#8220;16px&#8220; background_enable_color=&#8220;off&#8220; use_background_color_gradient=&#8220;on&#8220; background_color_gradient_stops=&#8220;rgba(0,0,0,0) 0%|rgba(244,160,128,0.71) 100%&#8220; background_color_gradient_start=&#8220;rgba(0,0,0,0)&#8220; background_color_gradient_end=&#8220;rgba(244,160,128,0.71)&#8220; text_orientation=&#8220;center&#8220; custom_padding=&#8220;||30px|||&#8220; global_colors_info=&#8220;{}&#8220;]<\/p>\n<p>Neugierig, aber nicht sicher, wo du anfangen sollst? Lass uns \u00fcber deine Pl\u00e4ne und weitere Informationen \u00fcber das Visual System of Work sprechen.   <\/p>\n<p>Vereinbare hier ein Treffen<span style=\"font-size: 16px;\"> <\/span><\/p>\n<p>[\/et_pb_text][et_pb_button button_url=&#8220;https:\/\/calendly.com\/vsow-ms\/na-standard-working&#8220; button_text=&#8220;Einrichten&#8220; button_alignment=&#8220;center&#8220; _builder_version=&#8220;4.17.6&#8243; _module_preset=&#8220;default&#8220; custom_button=&#8220;on&#8220; button_text_color=&#8220;#f7f7f7&#8243; button_bg_color=&#8220;#ee4a09&#8243; button_border_radius=&#8220;18px&#8220; button_letter_spacing=&#8220;3px&#8220; button_font=&#8220;|700|||||||&#8220; global_colors_info=&#8220;{}&#8220;][\/et_pb_button][\/et_pb_column][\/et_pb_row][\/et_pb_section]<\/p>\n","protected":false},"excerpt":{"rendered":"<p>Professionelle Unternehmensberatung leicht gemacht.ArbeitSTROM hilft dir, dein Unternehmen mit einfachen, visuellen Methoden zu verbessern. &nbsp;ARBEIT STROM&#8212;= work flow Du wei\u00dft, dass dein Unternehmen besser laufen k\u00f6nnte, aber du wei\u00dft nicht, wo du anfangen sollst? Muss deine Botschaft besser auf deine Strategie abgestimmt werden? Denkst du \u00fcber eine digitale Transformation nach, wei\u00dft aber nicht, wo du\u2026 <a href=\"https:\/\/arbeitstrom.de\/de\/et_pb_layout\/blog-artikel-1\/\">Read More &raquo;<\/a><\/p>\n","protected":false},"author":1,"featured_media":0,"parent":0,"menu_order":0,"comment_status":"closed","ping_status":"closed","template":"","meta":{"_et_pb_use_builder":"on","_et_pb_old_content":"","_et_gb_content_width":"","om_disable_all_campaigns":false,"inline_featured_image":false,"_monsterinsights_skip_tracking":false,"_monsterinsights_sitenote_active":false,"_monsterinsights_sitenote_note":"","_monsterinsights_sitenote_category":0,"footnotes":""},"class_list":["post-1081","page","type-page","status-publish","hentry"],"aioseo_notices":[{"message":"The permalink for this post just changed! This could result in 404 errors for your site visitors.","status":"warning","options":{"id":"0a2ae5f84bc2c0423042ed7ec22d2e40","isDismissible":true,"actions":[{"url":"https:\/\/arbeitstrom.de\/wp-admin\/admin.php?page=aioseo-redirects","label":"Add Redirect to improve SEO","target":"_blank","class":"aioseo-redirects-slug-changed"}]},"allowedContexts":["posts"]}],"_links":{"self":[{"href":"https:\/\/arbeitstrom.de\/de\/wp-json\/wp\/v2\/pages\/1081","targetHints":{"allow":["GET"]}}],"collection":[{"href":"https:\/\/arbeitstrom.de\/de\/wp-json\/wp\/v2\/pages"}],"about":[{"href":"https:\/\/arbeitstrom.de\/de\/wp-json\/wp\/v2\/types\/page"}],"author":[{"embeddable":true,"href":"https:\/\/arbeitstrom.de\/de\/wp-json\/wp\/v2\/users\/1"}],"replies":[{"embeddable":true,"href":"https:\/\/arbeitstrom.de\/de\/wp-json\/wp\/v2\/comments?post=1081"}],"version-history":[{"count":6,"href":"https:\/\/arbeitstrom.de\/de\/wp-json\/wp\/v2\/pages\/1081\/revisions"}],"predecessor-version":[{"id":1106,"href":"https:\/\/arbeitstrom.de\/de\/wp-json\/wp\/v2\/pages\/1081\/revisions\/1106"}],"wp:attachment":[{"href":"https:\/\/arbeitstrom.de\/de\/wp-json\/wp\/v2\/media?parent=1081"}],"curies":[{"name":"wp","href":"https:\/\/api.w.org\/{rel}","templated":true}]}}