{"id":1087,"date":"2021-11-30T04:02:12","date_gmt":"2021-11-30T04:02:12","guid":{"rendered":"https:\/\/arbeitstrom.de\/bezahlungen\/"},"modified":"2026-03-25T21:58:08","modified_gmt":"2026-03-25T21:58:08","slug":"bezahlungen","status":"publish","type":"page","link":"https:\/\/arbeitstrom.de\/de\/bezahlungen\/","title":{"rendered":"Bezahlungen"},"content":{"rendered":"<p>[et_pb_section fb_built=&#8220;1&#8243; _builder_version=&#8220;4.16&#8243; _module_preset=&#8220;default&#8220; global_colors_info=&#8220;{}&#8220;][et_pb_row _builder_version=&#8220;4.16&#8243; _module_preset=&#8220;default&#8220; global_colors_info=&#8220;{}&#8220;][et_pb_column type=&#8220;4_4&#8243; _builder_version=&#8220;4.16&#8243; _module_preset=&#8220;default&#8220; global_colors_info=&#8220;{}&#8220;][et_pb_text _builder_version=&#8220;4.25.0&#8243; _module_preset=&#8220;default&#8220; background_color=&#8220;#f47c4f&#8220; custom_margin=&#8220;1px|||||&#8220; custom_padding=&#8220;20px||15px|40px||&#8220; global_colors_info=&#8220;{}&#8220;]<\/p>\n<h1>Bezahlungen<\/h1>\n<p>[\/et_pb_text][\/et_pb_column][\/et_pb_row][et_pb_row column_structure=&#8220;1_2,1_2&#8243; _builder_version=&#8220;4.25.0&#8243; _module_preset=&#8220;default&#8220; background_color=&#8220;rgba(244,160,128,0.32)&#8220; custom_margin=&#8220;-27px|auto||auto||&#8220; custom_padding=&#8220;|0px||||&#8220; global_colors_info=&#8220;{}&#8220;][et_pb_column type=&#8220;1_2&#8243; _builder_version=&#8220;4.16&#8243; _module_preset=&#8220;default&#8220; global_colors_info=&#8220;{}&#8220;][et_pb_text _builder_version=&#8220;4.25.0&#8243; _module_preset=&#8220;default&#8220; text_font_size=&#8220;16px&#8220; custom_margin=&#8220;|-2px||||&#8220; custom_padding=&#8220;6px|||24px||&#8220; global_colors_info=&#8220;{}&#8220;]<\/p>\n<p>Hier kannst Du Zahlungen f\u00fcr Projekte per Kreditkarte, PayPal oder \u00fcber andere Online-Zahlungsmethoden vornehmen.<\/p>\n<p>Das Formular &#8211; <strong>Paypal<\/strong> (USD) oder <strong>Stripe<\/strong> (EUR).<\/p>\n<p>Bitte f\u00fclle die Felder hier aus und w\u00e4hle Deine Zahlungsart aus, damit die \u00fcbrigen Felder angezeigt werden, die Du ausf\u00fcllen m\u00fcsst. M\u00f6glicherweise wirst Du zur PayPal-Seite weitergeleitet, um die Zahlung abzuschlie\u00dfen. <\/p>\n<p>ArbeitSTROM <a href=\"https:\/\/arbeitstrom.de\/agb\/\" target=\"_blank\" rel=\"noopener\">Terms and Conditions (AGBs)<\/a>.<\/p>\n<p>Vielen Dank f\u00fcr Ihr Vertrauen!!<\/p>\n<p>[\/et_pb_text][et_pb_text _builder_version=&#8220;4.25.0&#8243; _module_preset=&#8220;default&#8220; text_text_color=&#8220;#000000&#8243; background_color=&#8220;#F47C4F&#8220; text_orientation=&#8220;center&#8220; custom_margin=&#8220;28px|||||&#8220; global_colors_info=&#8220;{}&#8220;]<\/p>\n<p><strong>Zahlung \u00fcber Stripe (\u20ac-EUR)<\/strong><\/p>\n<p>[\/et_pb_text][et_pb_code _builder_version=&#8220;4.25.0&#8243; _module_preset=&#8220;default&#8220; background_color=&#8220;#FFFFFF&#8220; background_image=&#8220;https:\/\/arbeitstrom.de\/wp-content\/uploads\/2024\/04\/ArbeitStrom-Flowlines-2b07.svg&#8220; text_orientation=&#8220;center&#8220; custom_padding=&#8220;25px||15px||false|false&#8220; global_colors_info=&#8220;{}&#8220;]<script async=\"\" src=\"https:\/\/js.stripe.com\/v3\/buy-button.js\"><!-- [et_pb_line_break_holder] --><\/script><!-- [et_pb_line_break_holder] --><!-- [et_pb_line_break_holder] --><stripe-buy-button buy-button-id=\"buy_btn_1PCrSk2NKxK2vDAV4JpmYl2t\" publishable-key=\"pk_live_51PChBG2NKxK2vDAVWNXmWylQLjSkJJDgaVRZcpdkzjw2nxSHSxXHMFwevXqxrtoXmAbrUHMCakaW6ClgosRYjWvt006bpNqMFL\"><!-- [et_pb_line_break_holder] --><\/stripe-buy-button>[\/et_pb_code][\/et_pb_column][et_pb_column type=&#8220;1_2&#8243; _builder_version=&#8220;4.25.0&#8243; _module_preset=&#8220;default&#8220; global_colors_info=&#8220;{}&#8220;][et_pb_text _builder_version=&#8220;4.25.0&#8243; _module_preset=&#8220;default&#8220; text_text_color=&#8220;#000000&#8243; header_text_color=&#8220;#000000&#8243; background_color=&#8220;#F47C4F&#8220; text_orientation=&#8220;center&#8220; custom_margin=&#8220;35px|||||&#8220; global_colors_info=&#8220;{}&#8220;]<\/p>\n<p><strong>Zahlung per PayPal (in US-Dollar)<\/strong><\/p>\n<p>[\/et_pb_text][et_pb_code _builder_version=&#8220;4.25.0&#8243; _module_preset=&#8220;default&#8220; background_color=&#8220;#FFFFFF&#8220; background_image=&#8220;https:\/\/arbeitstrom.de\/wp-content\/uploads\/2024\/04\/ArbeitStrom-Flowlines-2d07.svg&#8220; custom_margin=&#8220;||59px|||&#8220; custom_padding=&#8220;101px|29px|100px|30px||&#8220; global_colors_info=&#8220;{}&#8220;]<script src=\"https:\/\/www.paypal.com\/sdk\/js?client-id=BAA2HyJPfVfJm46mcnrN5rI5wes7Nu0ca3OzcH75WAwVgCJvxnhhvjX3vv8UxUFZpPUVYJb1HofF7YOaMA&#038;components=hosted-buttons&#038;disable-funding=venmo&#038;currency=USD\"><\/script><!-- [et_pb_line_break_holder] --><\/p>\n<div id=\"paypal-container-KC2DBPVC99QKE\"><\/div>\n<p><!-- [et_pb_line_break_holder] --><script><!-- [et_pb_line_break_holder] -->  paypal.HostedButtons({<!-- [et_pb_line_break_holder] -->    hostedButtonId: \"KC2DBPVC99QKE\",<!-- [et_pb_line_break_holder] -->  }).render(\"#paypal-container-KC2DBPVC99QKE\")<!-- [et_pb_line_break_holder] --><\/script>[\/et_pb_code][\/et_pb_column][\/et_pb_row][\/et_pb_section][et_pb_section fb_built=&#8220;1&#8243; _builder_version=&#8220;4.16&#8243; _module_preset=&#8220;default&#8220; background_color=&#8220;#f7f7f7&#8243; custom_padding=&#8220;15px|||||&#8220; saved_tabs=&#8220;all&#8220; global_colors_info=&#8220;{}&#8220;][et_pb_row column_structure=&#8220;2_3,1_3&#8243; _builder_version=&#8220;4.16&#8243; _module_preset=&#8220;default&#8220; width=&#8220;85.5%&#8220; custom_padding=&#8220;||10px|||&#8220; global_colors_info=&#8220;{}&#8220;][et_pb_column type=&#8220;2_3&#8243; _builder_version=&#8220;4.16&#8243; _module_preset=&#8220;default&#8220; global_colors_info=&#8220;{}&#8220;][et_pb_cta title=&#8220;\u00dcber ArbeitSTROM&#8220; _builder_version=&#8220;4.27.4&#8243; _module_preset=&#8220;default&#8220; header_level=&#8220;h1&#8243; header_font=&#8220;|700|||||||&#8220; header_text_align=&#8220;left&#8220; header_text_color=&#8220;#000000&#8243; header_font_size=&#8220;39px&#8220; body_text_align=&#8220;left&#8220; body_text_color=&#8220;#000000&#8243; background_enable_color=&#8220;off&#8220; custom_margin=&#8220;||11px|||&#8220; custom_padding=&#8220;|12px|0px|5px||&#8220; global_colors_info=&#8220;{}&#8220;]<\/p>\n<p><strong>Professionelle Unternehmensberatung leicht gemacht.<\/strong><\/p>\n<p>ArbeitSTROM hilft Dir dabei, Dein Unternehmen mithilfe einfacher, visueller Methoden zu transformieren. \u201eArbeitSTROM\u201c bedeutet \u201eflie\u00dfender Arbeitsablauf\u201c und verdeutlicht, wie wir dazu beitragen, dass die Arbeit in einem Unternehmen flie\u00dfend ist. <\/p>\n<p>ArbeitSTROM wurde 2020 von Mitch Sayers nach vielen inspirierenden Gespr\u00e4chen mit <a href=\"https:\/\/davidtlord.com\/?utm_source=website&amp;utm_medium=partner_site&amp;utm_campaign=ArbeitStrom&amp;utm_term=about_page&amp;utm_content=first\">David T. Lord<\/a>, der das Visual System of Work\u2122 seit Mitte der 1990er Jahre entwickelt hat. Nach seinem Bachelor-Abschluss in Maschinenbau an der Cornell University und seinem MBA an der University of Michigan war Mitch von der Einfachheit und der bew\u00e4hrten Wirksamkeit des VSOW\u2122 fasziniert und begann, David bei dessen Weiterentwicklung zu unterst\u00fctzen, unter anderem bei der Arbeit an seinem Buch, <a href=\"https:\/\/davidtlord.com\/davids-books\/?utm_source=website&amp;utm_medium=partner_site&amp;utm_campaign=ArbeitStrom&amp;utm_term=about_page&amp;utm_content=first\">VSOW Toolkit<\/a> sowie als Mitautor des Buches, <a href=\"https:\/\/amzn.to\/33AmRgc\" target=\"_blank\" rel=\"noopener noreferrer\">People, Processes and Projects &#8211; Leveraging the 3Ps<\/a>. <\/p>\n<p>[\/et_pb_cta][et_pb_text _builder_version=&#8220;4.25.0&#8243; _module_preset=&#8220;default&#8220; text_text_color=&#8220;#000000&#8243; locked=&#8220;off&#8220; global_colors_info=&#8220;{}&#8220;]<\/p>\n<p>Mit der <a href=\"https:\/\/work-flow.studio\" target=\"_blank\" rel=\"noopener\"><img loading=\"lazy\" decoding=\"async\" src=\"https:\/\/arbeitstrom.de\/wp-content\/uploads\/2024\/10\/Work-Flow.Studio-Logo-ex4-300x24.png\" width=\"200\" height=\"16\" alt=\"\" class=\"wp-image-750 alignnone size-medium\"><\/a> um Dein Unternehmen mithilfe visueller Tools visualisieren, verstehen und analysieren, lassen sich echte Ver\u00e4nderungen innerhalb weniger Wochen, manchmal sogar Tage, bewirken. Lass uns dar\u00fcber sprechen, was f\u00fcr Dein Unternehmen m\u00f6glich ist. <\/p>\n<p>[\/et_pb_text][et_pb_cta _builder_version=&#8220;4.25.0&#8243; _module_preset=&#8220;default&#8220; header_level=&#8220;h1&#8243; header_font=&#8220;|700|||||||&#8220; header_text_align=&#8220;left&#8220; header_text_color=&#8220;#000000&#8243; header_font_size=&#8220;39px&#8220; body_text_align=&#8220;left&#8220; body_text_color=&#8220;#000000&#8243; background_enable_color=&#8220;off&#8220; custom_margin=&#8220;||11px|||&#8220; custom_padding=&#8220;2px|12px|0px|188px||&#8220; locked=&#8220;off&#8220; global_colors_info=&#8220;{}&#8220;]<\/p>\n<p style=\"text-align: right;\">Kontaktdaten von Mitch &#8211; <a href=\"https:\/\/arbeitstrom.de\/wp-content\/uploads\/2024\/10\/Mitch-Sayers24.vcf\">CLICK<\/a> oder scanne den QR-Code mit deinem Handy &gt;&gt;<\/p>\n<p>[\/et_pb_cta][\/et_pb_column][et_pb_column type=&#8220;1_3&#8243; _builder_version=&#8220;4.16&#8243; _module_preset=&#8220;default&#8220; global_colors_info=&#8220;{}&#8220;][et_pb_image src=&#8220;https:\/\/arbeitstrom.de\/wp-content\/uploads\/2023\/09\/mitch-blue-circle-2023r.png&#8220; title_text=&#8220;mitch-blue-circle-2023r&#8220; _builder_version=&#8220;4.17.6&#8243; _module_preset=&#8220;default&#8220; width=&#8220;84.5%&#8220; custom_padding=&#8220;|0px||||&#8220; animation_style=&#8220;slide&#8220; animation_starting_opacity=&#8220;44%&#8220; global_colors_info=&#8220;{}&#8220; src__hover_enabled=&#8220;off|desktop&#8220;][\/et_pb_image][et_pb_image src=&#8220;https:\/\/arbeitstrom.de\/wp-content\/uploads\/2024\/08\/CleanShot-2024-08-02-at-01.48.19@2x.png&#8220; title_text=&#8220;CleanShot 2024-08-02 at 01.48.19@2x&#8220; align=&#8220;center&#8220; _builder_version=&#8220;4.27.4&#8243; _module_preset=&#8220;default&#8220; width=&#8220;50%&#8220; max_width=&#8220;50%&#8220; min_height=&#8220;50%&#8220; height=&#8220;50%&#8220; max_height=&#8220;50%&#8220; custom_margin=&#8220;|100px|||false|false&#8220; custom_padding=&#8220;||||false|false&#8220; global_colors_info=&#8220;{}&#8220;][\/et_pb_image][\/et_pb_column][\/et_pb_row][\/et_pb_section][et_pb_section fb_built=&#8220;1&#8243; _builder_version=&#8220;4.16&#8243; _module_preset=&#8220;default&#8220; background_color=&#8220;#000000&#8243; custom_padding=&#8220;13px||12px|||&#8220; global_colors_info=&#8220;{}&#8220;][et_pb_row _builder_version=&#8220;4.16&#8243; _module_preset=&#8220;default&#8220; global_colors_info=&#8220;{}&#8220;][et_pb_column type=&#8220;4_4&#8243; _builder_version=&#8220;4.16&#8243; _module_preset=&#8220;default&#8220; global_colors_info=&#8220;{}&#8220;][et_pb_contact_form captcha=&#8220;off&#8220; email=&#8220;mitch.sayers@arbeitstrom.coach&#8220; title=&#8220;ArbeitSTROM kontaktieren&#8220; success_message=&#8220;Vielen Dank f\u00fcr Ihre Kontaktaufnahme! &#8220; disabled_on=&#8220;on|on|on&#8220; _builder_version=&#8220;4.16&#8243; _module_preset=&#8220;default&#8220; _unique_id=&#8220;c1335ed5-50e2-4cd1-8595-b5f6aaa6ebdd&#8220; form_field_background_color=&#8220;#2b2b2b&#8220; form_field_text_color=&#8220;#f4a080&#8243; form_field_focus_background_color=&#8220;#ffffff&#8220; form_field_focus_text_color=&#8220;#000000&#8243; title_text_color=&#8220;#ee4a09&#8243; custom_button=&#8220;on&#8220; button_text_color=&#8220;#f7f7f7&#8243; button_bg_color=&#8220;#ee4a09&#8243; button_border_radius=&#8220;18px&#8220; button_letter_spacing=&#8220;3px&#8220; button_font=&#8220;|700|||||||&#8220; custom_margin=&#8220;|-14px||||&#8220; disabled=&#8220;on&#8220; global_colors_info=&#8220;{}&#8220;][et_pb_contact_field field_id=&#8220;FirstName&#8220; field_title=&#8220;Vorname&#8220; _builder_version=&#8220;4.16&#8243; global_colors_info=&#8220;{}&#8220; button_text_size__hover_enabled=&#8220;off&#8220; button_one_text_size__hover_enabled=&#8220;off&#8220; button_two_text_size__hover_enabled=&#8220;off&#8220; button_text_color__hover_enabled=&#8220;off&#8220; button_one_text_color__hover_enabled=&#8220;off&#8220; button_two_text_color__hover_enabled=&#8220;off&#8220; button_border_width__hover_enabled=&#8220;off&#8220; button_one_border_width__hover_enabled=&#8220;off&#8220; button_two_border_width__hover_enabled=&#8220;off&#8220; button_border_color__hover_enabled=&#8220;off&#8220; button_one_border_color__hover_enabled=&#8220;off&#8220; button_two_border_color__hover_enabled=&#8220;off&#8220; button_border_radius__hover_enabled=&#8220;off&#8220; button_one_border_radius__hover_enabled=&#8220;off&#8220; button_two_border_radius__hover_enabled=&#8220;off&#8220; button_letter_spacing__hover_enabled=&#8220;off&#8220; button_one_letter_spacing__hover_enabled=&#8220;off&#8220; button_two_letter_spacing__hover_enabled=&#8220;off&#8220; button_bg_color__hover_enabled=&#8220;off&#8220; button_one_bg_color__hover_enabled=&#8220;off&#8220; button_two_bg_color__hover_enabled=&#8220;off&#8220;][\/et_pb_contact_field][et_pb_contact_field field_id=&#8220;LastName&#8220; field_title=&#8220;Nachname&#8220; _builder_version=&#8220;4.16&#8243; global_colors_info=&#8220;{}&#8220; button_text_size__hover_enabled=&#8220;off&#8220; button_one_text_size__hover_enabled=&#8220;off&#8220; button_two_text_size__hover_enabled=&#8220;off&#8220; button_text_color__hover_enabled=&#8220;off&#8220; button_one_text_color__hover_enabled=&#8220;off&#8220; button_two_text_color__hover_enabled=&#8220;off&#8220; button_border_width__hover_enabled=&#8220;off&#8220; button_one_border_width__hover_enabled=&#8220;off&#8220; button_two_border_width__hover_enabled=&#8220;off&#8220; button_border_color__hover_enabled=&#8220;off&#8220; button_one_border_color__hover_enabled=&#8220;off&#8220; button_two_border_color__hover_enabled=&#8220;off&#8220; button_border_radius__hover_enabled=&#8220;off&#8220; button_one_border_radius__hover_enabled=&#8220;off&#8220; button_two_border_radius__hover_enabled=&#8220;off&#8220; button_letter_spacing__hover_enabled=&#8220;off&#8220; button_one_letter_spacing__hover_enabled=&#8220;off&#8220; button_two_letter_spacing__hover_enabled=&#8220;off&#8220; button_bg_color__hover_enabled=&#8220;off&#8220; button_one_bg_color__hover_enabled=&#8220;off&#8220; button_two_bg_color__hover_enabled=&#8220;off&#8220;][\/et_pb_contact_field][et_pb_contact_field field_id=&#8220;Email&#8220; field_title=&#8220;Email Address&#8220; field_type=&#8220;email&#8220; _builder_version=&#8220;4.16&#8243; global_colors_info=&#8220;{}&#8220; button_text_size__hover_enabled=&#8220;off&#8220; button_one_text_size__hover_enabled=&#8220;off&#8220; button_two_text_size__hover_enabled=&#8220;off&#8220; button_text_color__hover_enabled=&#8220;off&#8220; button_one_text_color__hover_enabled=&#8220;off&#8220; button_two_text_color__hover_enabled=&#8220;off&#8220; button_border_width__hover_enabled=&#8220;off&#8220; button_one_border_width__hover_enabled=&#8220;off&#8220; button_two_border_width__hover_enabled=&#8220;off&#8220; button_border_color__hover_enabled=&#8220;off&#8220; button_one_border_color__hover_enabled=&#8220;off&#8220; button_two_border_color__hover_enabled=&#8220;off&#8220; button_border_radius__hover_enabled=&#8220;off&#8220; button_one_border_radius__hover_enabled=&#8220;off&#8220; button_two_border_radius__hover_enabled=&#8220;off&#8220; button_letter_spacing__hover_enabled=&#8220;off&#8220; button_one_letter_spacing__hover_enabled=&#8220;off&#8220; button_two_letter_spacing__hover_enabled=&#8220;off&#8220; button_bg_color__hover_enabled=&#8220;off&#8220; button_one_bg_color__hover_enabled=&#8220;off&#8220; button_two_bg_color__hover_enabled=&#8220;off&#8220;][\/et_pb_contact_field][et_pb_contact_field field_id=&#8220;Message&#8220; field_title=&#8220;Nachricht&#8220; _builder_version=&#8220;4.16&#8243; _module_preset=&#8220;default&#8220; height=&#8220;108px&#8220; global_colors_info=&#8220;{}&#8220;][\/et_pb_contact_field][\/et_pb_contact_form][\/et_pb_column][\/et_pb_row][et_pb_row _builder_version=&#8220;4.16&#8243; _module_preset=&#8220;default&#8220; custom_padding=&#8220;9px||3px|||&#8220; global_colors_info=&#8220;{}&#8220;][et_pb_column type=&#8220;4_4&#8243; _builder_version=&#8220;4.16&#8243; _module_preset=&#8220;default&#8220; global_colors_info=&#8220;{}&#8220;][et_pb_text _builder_version=&#8220;4.17.6&#8243; _module_preset=&#8220;default&#8220; header_text_color=&#8220;#ee4a09&#8243; custom_padding=&#8220;0px|||||&#8220; global_colors_info=&#8220;{}&#8220;]<\/p>\n<h1>Abonnieren:<\/h1>\n<p>[\/et_pb_text][et_pb_code _builder_version=&#8220;4.25.0&#8243; _module_preset=&#8220;default&#8220; global_colors_info=&#8220;{}&#8220;]<iframe frameborder=\"0\" style=\"height:500px;width:99%;border:none;\" src=\"https:\/\/forms.zohopublic.com\/vpg\/form\/Newsletter\/formperma\/BgTYbqC4kpJBPcW41qDtXS6QSk_j8w2XznTxXpc62wA\"><\/iframe>[\/et_pb_code][et_pb_code _builder_version=&#8220;4.16&#8243; _module_preset=&#8220;default&#8220; global_colors_info=&#8220;{}&#8220;]<script charset=\"utf-8\" type=\"text\/javascript\" src=\"\/\/js.hsforms.net\/forms\/shell.js\"><\/script><!-- [et_pb_line_break_holder] --><script><!-- [et_pb_line_break_holder] -->  hbspt.forms.create({<!-- [et_pb_line_break_holder] -->\tregion: \"na1\",<!-- [et_pb_line_break_holder] -->\tportalId: \"9370466\",<!-- [et_pb_line_break_holder] -->\tformId: \"a07a6b82-053e-4f4c-ba5d-7f0dec204b1c\"<!-- [et_pb_line_break_holder] -->});<!-- [et_pb_line_break_holder] --><\/script>[\/et_pb_code][\/et_pb_column][\/et_pb_row][\/et_pb_section][et_pb_section fb_built=&#8220;1&#8243; _builder_version=&#8220;4.27.4&#8243; _module_preset=&#8220;default&#8220; global_colors_info=&#8220;{}&#8220; sticky_enabled=&#8220;0&#8243; background_color=&#8220;RGBA(255,255,255,0)&#8220; use_background_color_gradient=&#8220;on&#8220; background_color_gradient_stops=&#8220;#000000 0%|#2d1b1b 50%|#000000 100%&#8220; custom_padding=&#8220;6px||12px|||&#8220; background_enable_image=&#8220;off&#8220; hover_enabled=&#8220;0&#8243;][et_pb_row _builder_version=&#8220;4.16&#8243; _module_preset=&#8220;default&#8220; global_colors_info=&#8220;{}&#8220;][et_pb_column type=&#8220;4_4&#8243; _builder_version=&#8220;4.16&#8243; _module_preset=&#8220;default&#8220; global_colors_info=&#8220;{}&#8220;][et_pb_text _builder_version=&#8220;4.27.4&#8243; _module_preset=&#8220;default&#8220; text_font_size=&#8220;16px&#8220; custom_margin=&#8220;||-1px|||&#8220; custom_padding=&#8220;||26px|||&#8220; hover_enabled=&#8220;0&#8243; global_colors_info=&#8220;{}&#8220; background_layout=&#8220;dark&#8220; sticky_enabled=&#8220;0&#8243;]<\/p>\n<p style=\"text-align: center;\">Mitch steht Ihnen gerne zur Verf\u00fcgung, um Ihre Pl\u00e4ne zu besprechen und Ihnen Einzelheiten zum visuellen Arbeitssystem zu erl\u00e4utern.<span style=\"font-size: 16px;\"> <\/span><\/p>\n<p>[\/et_pb_text][et_pb_button button_url=&#8220;https:\/\/calendly.com\/arbeitstrom\/na-standard-working&#8220; button_text=&#8220;Termin vereinbaren&#8220; button_alignment=&#8220;center&#8220; _builder_version=&#8220;4.16&#8243; _module_preset=&#8220;default&#8220; custom_button=&#8220;on&#8220; button_text_color=&#8220;#f7f7f7&#8243; button_bg_color=&#8220;#ee4a09&#8243; button_border_radius=&#8220;18px&#8220; button_letter_spacing=&#8220;3px&#8220; button_font=&#8220;|700|||||||&#8220; custom_padding=&#8220;2px|||||&#8220; global_colors_info=&#8220;{}&#8220;][\/et_pb_button][\/et_pb_column][\/et_pb_row][\/et_pb_section]<\/p>\n","protected":false},"excerpt":{"rendered":"<p>BezahlungenHier kannst Du Zahlungen f\u00fcr Projekte per Kreditkarte, PayPal oder \u00fcber andere Online-Zahlungsmethoden vornehmen. Das Formular &#8211; Paypal (USD) oder Stripe (EUR). Bitte f\u00fclle die Felder hier aus und w\u00e4hle Deine Zahlungsart aus, damit die \u00fcbrigen Felder angezeigt werden, die Du ausf\u00fcllen m\u00fcsst. M\u00f6glicherweise wirst Du zur PayPal-Seite weitergeleitet, um die Zahlung abzuschlie\u00dfen. ArbeitSTROM Terms\u2026 <a href=\"https:\/\/arbeitstrom.de\/de\/et_pb_layout\/blog-artikel-1\/\">Read More &raquo;<\/a><\/p>\n","protected":false},"author":1,"featured_media":0,"parent":0,"menu_order":0,"comment_status":"closed","ping_status":"closed","template":"","meta":{"_et_pb_use_builder":"on","_et_pb_old_content":"","_et_gb_content_width":"","om_disable_all_campaigns":false,"inline_featured_image":false,"_monsterinsights_skip_tracking":false,"_monsterinsights_sitenote_active":false,"_monsterinsights_sitenote_note":"","_monsterinsights_sitenote_category":0,"footnotes":""},"class_list":["post-1087","page","type-page","status-publish","hentry"],"aioseo_notices":[],"_links":{"self":[{"href":"https:\/\/arbeitstrom.de\/de\/wp-json\/wp\/v2\/pages\/1087","targetHints":{"allow":["GET"]}}],"collection":[{"href":"https:\/\/arbeitstrom.de\/de\/wp-json\/wp\/v2\/pages"}],"about":[{"href":"https:\/\/arbeitstrom.de\/de\/wp-json\/wp\/v2\/types\/page"}],"author":[{"embeddable":true,"href":"https:\/\/arbeitstrom.de\/de\/wp-json\/wp\/v2\/users\/1"}],"replies":[{"embeddable":true,"href":"https:\/\/arbeitstrom.de\/de\/wp-json\/wp\/v2\/comments?post=1087"}],"version-history":[{"count":2,"href":"https:\/\/arbeitstrom.de\/de\/wp-json\/wp\/v2\/pages\/1087\/revisions"}],"predecessor-version":[{"id":1089,"href":"https:\/\/arbeitstrom.de\/de\/wp-json\/wp\/v2\/pages\/1087\/revisions\/1089"}],"wp:attachment":[{"href":"https:\/\/arbeitstrom.de\/de\/wp-json\/wp\/v2\/media?parent=1087"}],"curies":[{"name":"wp","href":"https:\/\/api.w.org\/{rel}","templated":true}]}}